{"id":1062,"date":"2023-10-03T16:03:33","date_gmt":"2023-10-03T13:03:33","guid":{"rendered":"https:\/\/northfly.aero\/corporate\/responsible-manager\/"},"modified":"2025-11-14T13:56:56","modified_gmt":"2025-11-14T10:56:56","slug":"responsible-manager","status":"publish","type":"page","link":"https:\/\/northfly.aero\/en\/corporate\/responsible-manager\/","title":{"rendered":"Responsible Manager"},"content":{"rendered":"\n\t<section class=\"section has-parallax\" id=\"section_1816102568\">\n\t\t<div class=\"section-bg fill\" data-parallax-container=\".section\" data-parallax-background data-parallax=\"-3\">\n\t\t\t<img loading=\"lazy\" decoding=\"async\" width=\"1920\" height=\"1152\" src=\"https:\/\/northfly.aero\/wp-content\/uploads\/2023\/10\/kurumsa.jpg\" class=\"bg attachment-original size-original\" alt=\"northfly\" \/>\t\t\t\t\t\t<div class=\"section-bg-overlay absolute fill\"><\/div>\n\t\t\t\n\n\t\t<\/div>\n\n\t\t\n\n\t\t<div class=\"section-content relative\">\n\t\t\t\n<div class=\"row\"  id=\"row-1786473797\">\n\n\t<div id=\"col-40612574\" class=\"col small-12 large-12\"  >\n\t\t\t\t<div class=\"col-inner\"  >\n\t\t\t\n\t\t\t\n\t<div id=\"gap-2014488054\" class=\"gap-element clearfix\" style=\"display:block; height:auto;\">\n\t\t\n<style>\n#gap-2014488054 {\n  padding-top: 150px;\n}\n<\/style>\n\t<\/div>\n\t\n<h1><span style=\"color: #000000;\">Responsible Manager<\/span><\/h1>\n<nav aria-label=\"breadcrumbs\" class=\"rank-math-breadcrumb\"><p><span class=\"last\">Anasayfa<\/span><\/p><\/nav>\n<div class=\"is-divider divider clearfix\" style=\"max-width:15%;height:1px;\"><\/div>\n<div class=\"row\"  id=\"row-982056784\">\n\n\t<div id=\"col-530546455\" class=\"col medium-3 small-12 large-3\"  data-animate=\"fadeInUp\">\n\t\t\t\t<div class=\"col-inner\"  >\n\t\t\t\n\t\t\t\n\t<div class=\"img has-hover x md-x lg-x y md-y lg-y\" id=\"image_1571795886\">\n\t\t\t\t\t\t\t\t<div class=\"img-inner dark\" >\n\t\t\t<img loading=\"lazy\" decoding=\"async\" width=\"768\" height=\"1024\" src=\"https:\/\/northfly.aero\/wp-content\/uploads\/2023\/11\/Ulukan-Abaci.jpeg\" class=\"attachment-original size-original\" alt=\"northfly\" srcset=\"https:\/\/northfly.aero\/wp-content\/uploads\/2023\/11\/Ulukan-Abaci.jpeg 768w, https:\/\/northfly.aero\/wp-content\/uploads\/2023\/11\/Ulukan-Abaci-225x300.jpeg 225w\" sizes=\"auto, (max-width: 768px) 100vw, 768px\" \/>\t\t\t\t\t\t\n\t\t\t\t\t<\/div>\n\t\t\t\t\t\t\t\t\n<style>\n#image_1571795886 {\n  width: 100%;\n}\n<\/style>\n\t<\/div>\n\t\n\t\t<\/div>\n\t\t\t\t\t<\/div>\n\n\t\n\n\t<div id=\"col-1155068327\" class=\"col medium-8 small-12 large-8\"  data-animate=\"fadeInRight\">\n\t\t\t\t<div class=\"col-inner\"  >\n\t\t\t\n\t\t\t\n<h2><span style=\"color: #003366;\">Ulukan Abac\u0131<\/span><\/h2>\n<p><span style=\"font-size: 120%; color: #ffffff; background-color: #003366;\">Responsible Manager<\/span><\/p>\n<p><span style=\"color: #333333;\">Paragliding, Glider, Airplane, Humanoid Aircraft and Ultralight Pilot<\/span><\/p>\n<p><span style=\"color: #333333;\">E-Mail: <a href=\"mailto:ulukan.abaci@northfly.aero\">ulukan.abaci@northfly.aero<\/a><\/span><\/p>\n\t\t<\/div>\n\t\t\t\t\t<\/div>\n\n\t\n\n\t<div id=\"col-925407395\" class=\"col small-12 large-12\"  data-animate=\"fadeInUp\">\n\t\t\t\t<div class=\"col-inner\"  >\n\t\t\t\n\t\t\t\n<h2><span style=\"color: #000000;\">Life<\/span><\/h2>\n<p><span style=\"color: #333333;\">Ulukan Abac\u0131 General Manager and Chairman of the Board of Directors Ulukan ABACI was born in Samsun in 1993 to a family of Thessaloniki immigrants. When he was very young, he participated in the Turkish Aeronautical Association Free Parachute course in 2009. Abac\u0131 then successfully completed gliding and paragliding courses in 2011 and 2012 respectively. Abac\u0131, one of the first students of Ondokuz May\u0131s University Faculty of Civil Aviation, Department of Civil Air Transportation Management, was among the founders of Ondokuz May\u0131s University UZAYTEM Flight Academy, which was established within the faculty in 2013, and completed his PPL flight training as the first student of this academy. After graduating in 2015, he started his professional career at UZAYTEM Flight Academy without a break. In this process, he continued his pilotage life with Cessna type airplanes and sport aviation life with paragliding and also served as the founding chairman of the board of directors of Ondokuz May\u0131s University Aviation Club. With this club, he has succeeded in introducing hundreds of people to paragliding and thousands of people to aviation in areas such as unmanned aerial vehicles.<\/span><\/p>\n<p><span style=\"color: #333333;\">While continuing to work as a volunteer in many different tasks within UZAYTEM, he had an accident with paragliding on August 17, 2016 and had to end his work at the Academy. In 2016, Abac\u0131, who recovered after two months of treatment, founded PIC Cenneti, Turkey&#8217;s first PIC (Pilot in Command) focused company, which enables young commercial pilot candidates to receive training in Turkey instead of Europe at more affordable costs. Subsequently, NorthFLY Flight Academy was established to serve Turkish Aviation in a more professional manner. Abac\u0131 attributed the name of the hangar he established in Samsun to his father Erdo\u011fan ABACI. However, Mr. Erdo\u011fan died of a heart attack on the day of the hangar opening. In a short period of one year, NorthFLY Flight Academy opened its branches in Istanbul and Tekirda\u011f. In 2021, NorthFLY Flight Academy took part in several countries&#8217; air force cadet selection flights. As of 2022, it has established a partnership with global aviation training giant Airways Aviation, enabling foreign pilot candidates to receive training in Turkey. NorthFLY Flight Academy is currently the only flight school in Turkey to provide EASA and CASA ATPL training.<\/span><\/p>\n<p><span style=\"color: #333333;\">Abac\u0131, who is also a Scout, holds airplane, UAV, glider, ultralight, paragliding pilot licenses. Apart from his business life, Ulukan Abac\u0131, who loves to travel, is the chairman and member of the board of directors of companies such as Airways Aviation Turkey, Pilot and DroneTURK, as well as NorthFLY Flight Academy.<\/span><\/p>\n\t\t<\/div>\n\t\t\t\t\t<\/div>\n\n\t\n<\/div>\n\t\t<\/div>\n\t\t\t\t\t<\/div>\n\n\t\n<\/div>\n\t\t<\/div>\n\n\t\t\n<style>\n#section_1816102568 {\n  padding-top: 30px;\n  padding-bottom: 30px;\n  min-height: 600px;\n}\n#section_1816102568 .section-bg-overlay {\n  background-color: rgba(255, 255, 255, 0.924);\n}\n<\/style>\n\t<\/section>\n\t\n\n\t<section class=\"section\" id=\"section_1839540800\">\n\t\t<div class=\"section-bg fill\" >\n\t\t\t\t\t\t\t\t\t\n\t\t\t\n\n\t\t<\/div>\n\n\t\t\n\n\t\t<div class=\"section-content relative\">\n\t\t\t\n\t<div id=\"gap-1762444641\" class=\"gap-element clearfix\" style=\"display:block; height:auto;\">\n\t\t\n<style>\n#gap-1762444641 {\n  padding-top: 50px;\n}\n<\/style>\n\t<\/div>\n\t\n<div class=\"row\"  id=\"row-72077205\">\n\n\t<div id=\"col-1147205277\" class=\"col medium-5 small-12 large-5\"  >\n\t\t\t\t<div class=\"col-inner\"  >\n\t\t\t\n\t\t\t\n<h2><span style=\"color: #000000;\"><span style=\"color: #003366;\">About<\/span> Ulukan Abaci<\/span><\/h2>\n<h3><span style=\"color: #333333;\">NorthFLY Flight School Story<\/span><\/h3>\n<p><span style=\"color: #333333;\">The success story of our Flight Academy was told by Ulukan ABACI on Youtube StoryBOX channel where the success stories of many famous business people such as Acun Il\u0131cal\u0131, Abdullah K\u0131\u011f\u0131l\u0131, Saadettin Saran are published.<\/span><\/p>\n\t<div id=\"gap-873485447\" class=\"gap-element clearfix\" style=\"display:block; height:auto;\">\n\t\t\n<style>\n#gap-873485447 {\n  padding-top: 50px;\n}\n<\/style>\n\t<\/div>\n\t\n<p><span style=\"color: #ffffff; background-color: #003366; padding: 20px; font-size: 130%;\">Our Success Story on StoryBOX Channel!<\/span><\/p>\n\t\t<\/div>\n\t\t\t\t\t<\/div>\n\n\t\n\n\t<div id=\"col-1635753736\" class=\"col medium-7 small-12 large-7\"  >\n\t\t\t\t<div class=\"col-inner\"  >\n\t\t\t\n\t\t\t\n<div class=\"video video-fit mb\" style=\"padding-top:56.25%;\"><p><iframe loading=\"lazy\" title=\"10 Bin TL Sermaye \u0130le Kurdu\u2026 | 17 U\u00e7akla Y\u00fczlerce Pilot Yeti\u015ftirdi\u2026\" width=\"1020\" height=\"574\" src=\"https:\/\/www.youtube.com\/embed\/qw-MxK7Z8bY?feature=oembed\" frameborder=\"0\" allow=\"accelerometer; autoplay; clipboard-write; encrypted-media; gyroscope; picture-in-picture; web-share\" allowfullscreen><\/iframe><\/p>\n<\/div>\n\t\t<\/div>\n\t\t\t\t\n<style>\n#col-1635753736 > .col-inner {\n  padding: 0px 0px 0px 30px;\n}\n<\/style>\n\t<\/div>\n\n\t\n<\/div>\n\t\t<\/div>\n\n\t\t\n<style>\n#section_1839540800 {\n  padding-top: 30px;\n  padding-bottom: 30px;\n  background-color: rgb(237, 237, 237);\n}\n<\/style>\n\t<\/section>\n\t\n","protected":false},"excerpt":{"rendered":"","protected":false},"author":1,"featured_media":0,"parent":1048,"menu_order":0,"comment_status":"closed","ping_status":"closed","template":"page-transparent-header.php","meta":{"inline_featured_image":false,"footnotes":""},"class_list":["post-1062","page","type-page","status-publish","hentry"],"_links":{"self":[{"href":"https:\/\/northfly.aero\/en\/wp-json\/wp\/v2\/pages\/1062","targetHints":{"allow":["GET"]}}],"collection":[{"href":"https:\/\/northfly.aero\/en\/wp-json\/wp\/v2\/pages"}],"about":[{"href":"https:\/\/northfly.aero\/en\/wp-json\/wp\/v2\/types\/page"}],"author":[{"embeddable":true,"href":"https:\/\/northfly.aero\/en\/wp-json\/wp\/v2\/users\/1"}],"replies":[{"embeddable":true,"href":"https:\/\/northfly.aero\/en\/wp-json\/wp\/v2\/comments?post=1062"}],"version-history":[{"count":9,"href":"https:\/\/northfly.aero\/en\/wp-json\/wp\/v2\/pages\/1062\/revisions"}],"predecessor-version":[{"id":5461,"href":"https:\/\/northfly.aero\/en\/wp-json\/wp\/v2\/pages\/1062\/revisions\/5461"}],"up":[{"embeddable":true,"href":"https:\/\/northfly.aero\/en\/wp-json\/wp\/v2\/pages\/1048"}],"wp:attachment":[{"href":"https:\/\/northfly.aero\/en\/wp-json\/wp\/v2\/media?parent=1062"}],"curies":[{"name":"wp","href":"https:\/\/api.w.org\/{rel}","templated":true}]}}