{"id":1051,"date":"2023-10-03T16:03:24","date_gmt":"2023-10-03T13:03:24","guid":{"rendered":"https:\/\/northfly.aero\/corporate\/news-announcement\/"},"modified":"2025-11-20T17:13:43","modified_gmt":"2025-11-20T14:13:43","slug":"news-announcement","status":"publish","type":"page","link":"https:\/\/northfly.aero\/en\/corporate\/news-announcement\/","title":{"rendered":"News &amp; Announcement"},"content":{"rendered":"\n\t<section class=\"section has-parallax\" id=\"section_1865330352\">\n\t\t<div class=\"section-bg fill\" data-parallax-container=\".section\" data-parallax-background data-parallax=\"-3\">\n\t\t\t<img loading=\"lazy\" decoding=\"async\" width=\"1920\" height=\"1152\" src=\"https:\/\/northfly.aero\/wp-content\/uploads\/2023\/10\/kurumsa.jpg\" class=\"bg attachment-original size-original\" alt=\"northfly\" \/>\t\t\t\t\t\t<div class=\"section-bg-overlay absolute fill\"><\/div>\n\t\t\t\n\n\t\t<\/div>\n\n\t\t\n\n\t\t<div class=\"section-content relative\">\n\t\t\t\n<div class=\"row\"  id=\"row-560843212\">\n\n\t<div id=\"col-945250145\" class=\"col small-12 large-12\"  >\n\t\t\t\t<div class=\"col-inner\"  >\n\t\t\t\n\t\t\t\n\t<div id=\"gap-1481277151\" class=\"gap-element clearfix\" style=\"display:block; height:auto;\">\n\t\t\n<style>\n#gap-1481277151 {\n  padding-top: 150px;\n}\n<\/style>\n\t<\/div>\n\t\n<h1><span style=\"color: #000000;\">News &amp; Announcement<\/span><\/h1>\n<nav aria-label=\"breadcrumbs\" class=\"rank-math-breadcrumb\"><p><span class=\"last\">Anasayfa<\/span><\/p><\/nav>\n<div class=\"is-divider divider clearfix\" style=\"max-width:15%;height:1px;\"><\/div>\n<h2><span style=\"color: #000000;\">News and Announcements about our Academy<\/span><\/h2>\n\t<div id=\"gap-1866508269\" class=\"gap-element clearfix\" style=\"display:block; height:auto;\">\n\t\t\n<style>\n#gap-1866508269 {\n  padding-top: 70px;\n}\n<\/style>\n\t<\/div>\n\t\n<div class=\"row\"  id=\"row-75140853\">\n\n\t<div id=\"col-446246449\" class=\"col medium-4 small-12 large-4\"  >\n\t\t\t\t<div class=\"col-inner\"  >\n\t\t\t\n\t\t\t\n\n  \n    <div class=\"row large-columns-1 medium-columns-1 small-columns-1\" >\n  <\/div>\n\t\t<\/div>\n\t\t\t\t\t<\/div>\n\n\t\n\n\t<div id=\"col-1590573924\" class=\"col medium-4 small-12 large-4\"  >\n\t\t\t\t<div class=\"col-inner\"  >\n\t\t\t\n\t\t\t\n<div class=\"video video-fit mb\" style=\"padding-top:90%;\"><p><iframe loading=\"lazy\" title=\"10 Bin TL Sermaye \u0130le Kurdu\u2026 | 17 U\u00e7akla Y\u00fczlerce Pilot Yeti\u015ftirdi\u2026\" width=\"1020\" height=\"574\" src=\"https:\/\/www.youtube.com\/embed\/qw-MxK7Z8bY?feature=oembed\" frameborder=\"0\" allow=\"accelerometer; autoplay; clipboard-write; encrypted-media; gyroscope; picture-in-picture; web-share\" allowfullscreen><\/iframe><\/p>\n<\/div>\n\t\t<\/div>\n\t\t\t\t\t<\/div>\n\n\t\n\n\t<div id=\"col-40113813\" class=\"col medium-4 small-12 large-4\"  >\n\t\t\t\t<div class=\"col-inner\"  >\n\t\t\t\n\t\t\t\n<h3>This week&#8217;s guest of StoryBox is Ulukan Abac\u0131,<\/h3>\n<hr \/>\n<p>the founder of Northfly&#8230; Abac\u0131 told the story of Northfly Flight Academy, which was established in Samsun in 2016 and trained hundreds of pilots, and shared the difficulties, breaking moments and many details. Ulukan Abac\u0131, who also answered all the questions about piloting, said, &#8220;Many of the pilots we trained are flying in the airline. Some of them fly abroad, there are some who fly for Emirates. We first started with one airplane and now the number of airplanes has increased to 17. When we started this business, we never worked day and night. We worked an average of 20 hours a day. It is very rare for us to work 18-19 hours a day.&#8221;<\/p>\n\t\t<\/div>\n\t\t\t\t\t<\/div>\n\n\t\n<\/div>\n\t\t<\/div>\n\t\t\t\t\t<\/div>\n\n\t\n<\/div>\n\t\t<\/div>\n\n\t\t\n<style>\n#section_1865330352 {\n  padding-top: 30px;\n  padding-bottom: 30px;\n  min-height: 600px;\n}\n#section_1865330352 .section-bg-overlay {\n  background-color: rgba(255, 255, 255, 0.924);\n}\n<\/style>\n\t<\/section>\n\t\n","protected":false},"excerpt":{"rendered":"","protected":false},"author":1,"featured_media":0,"parent":1048,"menu_order":0,"comment_status":"closed","ping_status":"closed","template":"page-transparent-header.php","meta":{"inline_featured_image":false,"footnotes":""},"class_list":["post-1051","page","type-page","status-publish","hentry"],"_links":{"self":[{"href":"https:\/\/northfly.aero\/en\/wp-json\/wp\/v2\/pages\/1051","targetHints":{"allow":["GET"]}}],"collection":[{"href":"https:\/\/northfly.aero\/en\/wp-json\/wp\/v2\/pages"}],"about":[{"href":"https:\/\/northfly.aero\/en\/wp-json\/wp\/v2\/types\/page"}],"author":[{"embeddable":true,"href":"https:\/\/northfly.aero\/en\/wp-json\/wp\/v2\/users\/1"}],"replies":[{"embeddable":true,"href":"https:\/\/northfly.aero\/en\/wp-json\/wp\/v2\/comments?post=1051"}],"version-history":[{"count":28,"href":"https:\/\/northfly.aero\/en\/wp-json\/wp\/v2\/pages\/1051\/revisions"}],"predecessor-version":[{"id":5515,"href":"https:\/\/northfly.aero\/en\/wp-json\/wp\/v2\/pages\/1051\/revisions\/5515"}],"up":[{"embeddable":true,"href":"https:\/\/northfly.aero\/en\/wp-json\/wp\/v2\/pages\/1048"}],"wp:attachment":[{"href":"https:\/\/northfly.aero\/en\/wp-json\/wp\/v2\/media?parent=1051"}],"curies":[{"name":"wp","href":"https:\/\/api.w.org\/{rel}","templated":true}]}}